{"id":785,"date":"2024-07-03T14:31:44","date_gmt":"2024-07-03T12:31:44","guid":{"rendered":"https:\/\/laithaiasiashop.de\/kontakt\/"},"modified":"2024-07-12T16:43:47","modified_gmt":"2024-07-12T14:43:47","slug":"kontakt","status":"publish","type":"page","link":"https:\/\/laithaiasiashop.de\/de\/kontakt\/","title":{"rendered":"Kontakt"},"content":{"rendered":"<p>[et_pb_section fb_built=&#8220;1&#8243; admin_label=&#8220;Call to Action&#8220; _builder_version=&#8220;4.24.2&#8243; _module_preset=&#8220;default&#8220; background_color=&#8220;gcid-28366106-ecf8-496b-97f0-6a9be6882356&#8243; custom_padding=&#8220;19px||8px|||&#8220; collapsed=&#8220;on&#8220; global_colors_info=&#8220;{%22gcid-28366106-ecf8-496b-97f0-6a9be6882356%22:%91%22background_color%22%93}&#8220;][et_pb_row column_structure=&#8220;1_2,1_2&#8243; make_equal=&#8220;on&#8220; _builder_version=&#8220;4.26.0&#8243; _module_preset=&#8220;default&#8220; custom_padding=&#8220;27px|||||&#8220; global_colors_info=&#8220;{}&#8220;][et_pb_column type=&#8220;1_2&#8243; _builder_version=&#8220;4.22.0&#8243; _module_preset=&#8220;default&#8220; custom_padding=&#8220;60px||60px||true|false&#8220; custom_padding_tablet=&#8220;0px||0px||true|false&#8220; custom_padding_phone=&#8220;0px||0px||true|false&#8220; custom_padding_last_edited=&#8220;on|desktop&#8220; global_colors_info=&#8220;{}&#8220;][et_pb_text _builder_version=&#8220;4.26.0&#8243; _module_preset=&#8220;17d32eaf-ec42-4a2e-8245-5d60de2c8048&#8243; header_font=&#8220;|700|||||||&#8220; header_text_color=&#8220;#FFFFFF&#8220; header_font_size=&#8220;26px&#8220; header_2_text_color=&#8220;#FFFFFF&#8220; custom_margin=&#8220;-36px||10px||false|false&#8220; global_colors_info=&#8220;{}&#8220;]<\/p>\n<h1 class=\"mb-2 mt-6 text-lg first:mt-3\">Kontaktieren Sie uns &#8211; Lai Thai Asia Shop Minden<\/h1>\n<p>[\/et_pb_text][et_pb_text _builder_version=&#8220;4.26.0&#8243; _module_preset=&#8220;c798383b-84f9-49a3-8762-64139af886c6&#8243; text_text_color=&#8220;#FFFFFF&#8220; text_line_height=&#8220;2em&#8220; header_font=&#8220;|700|||||||&#8220; header_text_color=&#8220;#FFFFFF&#8220; header_font_size=&#8220;22px&#8220; custom_padding=&#8220;0px|||||&#8220; global_colors_info=&#8220;{}&#8220;]<\/p>\n<p><span>Shop, der Konsumg\u00fcter aus Thailand und Asien verkauft, zu g\u00fcnstigen Preisen, denen Sie vertrauen k\u00f6nnen. Wir sind jederzeit f\u00fcr Sie da und beantworten Ihre Fragen.<\/span><\/p>\n<p><span>Datum und Uhrzeit des Eintreffens frischer Produkte k\u00f6nnen Kunden \u00fcber die Facebook-Seite Lai Thai Asia Shop Minden verfolgen<\/span> <span>.<\/span><span><\/span><\/p>\n<h1 class=\"mb-2 mt-6 text-lg first:mt-3\">Shop-Adresse<\/h1>\n<p><span><strong>Lai Thai Asia Shop Minden<\/strong><br \/>Pionierstra\u00dfe 1,<br \/>32423 Minden<\/span><\/p>\n<p class=\"mb-2 mt-6 text-lg first:mt-3\"><strong>E-Mail<\/strong> <span><a target=\"_blank\" rel=\"nofollow noopener\" class=\"break-word hover:text-super hover:decoration-super dark:hover:text-superDark dark:hover:decoration-superDark underline decoration-from-font underline-offset-1 transition-all duration-300\" href=\"mailto:laithaiasiashop@hotmail.com\">an laithaiasiashop@hotmail.com<\/a><\/span><\/p>\n<h1 class=\"mb-2 mt-6 text-lg first:mt-3\"><\/h1>\n<p><span><\/span><\/p>\n<h1 class=\"mb-2 mt-6 text-lg first:mt-3\">Kontakt Nummer<\/h1>\n<ul class=\"list-disc pl-8\">\n<li index=\"0\"><span>Telefon: +49 571 50924476<\/span><\/li>\n<li index=\"1\"><span>Mobil: +49 1521 2358374<\/span><\/li>\n<\/ul>\n<p>[\/et_pb_text][\/et_pb_column][et_pb_column type=&#8220;1_2&#8243; _builder_version=&#8220;4.26.0&#8243; _module_preset=&#8220;default&#8220; background_image=&#8220;https:\/\/laithaiasiashop.de\/wp-content\/uploads\/2024\/03\/361641247_104069062767411_2197797787705717844_n.jpg&#8220; animation_style=&#8220;zoom&#8220; border_radii=&#8220;on|20px|20px|20px|20px&#8220; global_colors_info=&#8220;{}&#8220;][et_pb_divider show_divider=&#8220;off&#8220; _builder_version=&#8220;4.22.0&#8243; _module_preset=&#8220;default&#8220; height_tablet=&#8220;40vw&#8220; height_phone=&#8220;40vw&#8220; height_last_edited=&#8220;on|desktop&#8220; custom_padding=&#8220;0px|||||&#8220; locked=&#8220;off&#8220; global_colors_info=&#8220;{}&#8220;][\/et_pb_divider][\/et_pb_column][\/et_pb_row][\/et_pb_section][et_pb_section fb_built=&#8220;1&#8243; admin_label=&#8220;Header&#8220; _builder_version=&#8220;4.24.2&#8243; _module_preset=&#8220;default&#8220; background_color=&#8220;gcid-1ceede91-71be-464b-930c-ee204c722893&#8243; custom_padding=&#8220;41px||47px|||&#8220; collapsed=&#8220;on&#8220; global_colors_info=&#8220;{%22gcid-1ceede91-71be-464b-930c-ee204c722893%22:%91%22background_color%22%93}&#8220;][et_pb_row _builder_version=&#8220;4.26.0&#8243; _module_preset=&#8220;default&#8220; custom_margin=&#8220;-16px|auto||auto||&#8220; custom_padding=&#8220;13px|||||&#8220; global_colors_info=&#8220;{}&#8220;][et_pb_column type=&#8220;4_4&#8243; _builder_version=&#8220;4.26.0&#8243; _module_preset=&#8220;default&#8220; global_colors_info=&#8220;{}&#8220;][et_pb_text _builder_version=&#8220;4.26.0&#8243; _module_preset=&#8220;55559b7a-79d7-433b-8392-04e540a0d82d&#8220; text_font=&#8220;|600|||||||&#8220; text_text_color=&#8220;#9e0b0c&#8220; text_font_size=&#8220;30px&#8220; header_font=&#8220;|700|||||||&#8220; header_text_color=&#8220;#aa160b&#8220; header_font_size=&#8220;26px&#8220; custom_margin=&#8220;||-20px|||&#8220; custom_padding=&#8220;||12px|||&#8220; global_colors_info=&#8220;{}&#8220;]<\/p>\n<h1 class=\"mb-2 mt-6 text-lg first:mt-3\">\u00d6ffnungszeiten<\/h1>\n<p>[\/et_pb_text][et_pb_text _builder_version=&#8220;4.26.0&#8243; _module_preset=&#8220;c798383b-84f9-49a3-8762-64139af886c6&#8243; text_font=&#8220;Inter|500|||||||&#8220; text_text_color=&#8220;#9e0b0c&#8220; text_line_height=&#8220;2em&#8220; custom_margin=&#8220;-26px||-9px||false|false&#8220; custom_padding=&#8220;13px||15px|||&#8220; global_colors_info=&#8220;{}&#8220;]<\/p>\n<ul class=\"list-disc pl-8\">\n<li index=\"0\"><span><strong>Montag &#8211; Freitag<\/strong><\/span> <span>: 09:30 &#8211; 18:30 Uhr<\/span><\/li>\n<li><span><strong>Samstag<\/strong><\/span> <span>: 09:30 &#8211; 14:30 Uhr<\/span><span><\/span><\/li>\n<li index=\"1\"><span><strong>Sonntag<\/strong><\/span> <span>: Geschlossen<\/span><\/li>\n<\/ul>\n<p>[\/et_pb_text][et_pb_text _builder_version=&#8220;4.26.0&#8243; _module_preset=&#8220;55559b7a-79d7-433b-8392-04e540a0d82d&#8220; text_font=&#8220;|600|||||||&#8220; text_text_color=&#8220;#9e0b0c&#8220; text_font_size=&#8220;30px&#8220; header_font=&#8220;|700|||||||&#8220; header_text_color=&#8220;#aa160b&#8220; header_font_size=&#8220;26px&#8220; custom_margin=&#8220;||15px|||&#8220; custom_padding=&#8220;||0px|||&#8220; global_colors_info=&#8220;{}&#8220;]<\/p>\n<h1 class=\"mb-2 mt-6 text-lg first:mt-3\">Folgen Sie uns<\/h1>\n<p>[\/et_pb_text][et_pb_text _builder_version=&#8220;4.26.0&#8243; _module_preset=&#8220;c798383b-84f9-49a3-8762-64139af886c6&#8243; text_font=&#8220;Inter|500|||||||&#8220; text_text_color=&#8220;#9e0b0c&#8220; custom_margin=&#8220;-26px||-9px||false|false&#8220; custom_padding=&#8220;15px||22px|||&#8220; global_colors_info=&#8220;{}&#8220;]<\/p>\n<p><span>Verfolgen Sie Neuigkeiten und Sonderaktionen auf der<\/span> <a href=\"https:\/\/www.facebook.com\/profile.php?id=100094929517877\"><span><strong>Facebook-Seite: Lai Thai Asia Shop Minden,<\/strong><\/span><\/a> <span>um wichtige Informationen zu frischen Produkten und verschiedenen Aktivit\u00e4ten nicht zu verpassen.<\/span><\/p>\n<p>[\/et_pb_text][et_pb_social_media_follow _builder_version=&#8220;4.26.0&#8243; _module_preset=&#8220;default&#8220; global_colors_info=&#8220;{}&#8220;][et_pb_social_media_follow_network social_network=&#8220;facebook&#8220; url=&#8220;https:\/\/www.facebook.com\/profile.php?id=100094929517877&#8243; _builder_version=&#8220;4.26.0&#8243; _module_preset=&#8220;default&#8220; background_color=&#8220;#3b5998&#8243; global_colors_info=&#8220;{}&#8220; follow_button=&#8220;off&#8220; url_new_window=&#8220;on&#8220;]facebook[\/et_pb_social_media_follow_network][et_pb_social_media_follow_network social_network=&#8220;whatsapp&#8220; url=&#8220;https:\/\/w.app\/LaiThaiAsiaShop&#8220; _builder_version=&#8220;4.26.0&#8243; _module_preset=&#8220;default&#8220; background_color=&#8220;#25D366&#8243; global_colors_info=&#8220;{}&#8220; follow_button=&#8220;off&#8220; url_new_window=&#8220;on&#8220;]whatsapp[\/et_pb_social_media_follow_network][et_pb_social_media_follow_network social_network=&#8220;line&#8220; _builder_version=&#8220;4.26.0&#8243; _module_preset=&#8220;default&#8220; background_color=&#8220;#00c300&#8243; global_colors_info=&#8220;{}&#8220; follow_button=&#8220;off&#8220; url_new_window=&#8220;on&#8220;]line[\/et_pb_social_media_follow_network][\/et_pb_social_media_follow][et_pb_text _builder_version=&#8220;4.26.0&#8243; _module_preset=&#8220;55559b7a-79d7-433b-8392-04e540a0d82d&#8220; text_font=&#8220;|600|||||||&#8220; text_text_color=&#8220;#9e0b0c&#8220; text_font_size=&#8220;30px&#8220; header_font=&#8220;|700|||||||&#8220; header_text_color=&#8220;#aa160b&#8220; header_font_size=&#8220;26px&#8220; custom_margin=&#8220;15px||15px|||&#8220; global_colors_info=&#8220;{}&#8220;]<\/p>\n<h1 class=\"mb-2 mt-6 text-lg first:mt-3\">Karten und Reisen<\/h1>\n<p>[\/et_pb_text][et_pb_text _builder_version=&#8220;4.26.0&#8243; _module_preset=&#8220;c798383b-84f9-49a3-8762-64139af886c6&#8243; text_font=&#8220;Inter|500|||||||&#8220; text_text_color=&#8220;#9e0b0c&#8220; text_line_height=&#8220;2em&#8220; custom_margin=&#8220;-12px||-9px||false|false&#8220; global_colors_info=&#8220;{}&#8220;]<\/p>\n<p><span><strong>Der Lai Thai Asia Shop Minden<\/strong><\/span> <span>liegt in der N\u00e4he der Bahnh\u00f6fe Minden und Fort B und ist gut erreichbar.<\/span><\/p>\n<p class=\"mb-2 mt-6 text-lg first:mt-3\"><strong>Nahegelegene Sehensw\u00fcrdigkeiten<\/strong><\/p>\n<ul class=\"list-disc pl-8\">\n<li index=\"0\"><span><strong>Bahnhof Minden<\/strong><\/span> <span>: 210 Meter nordwestlich.<\/span><\/li>\n<li index=\"1\"><span><strong>Bunte Br\u00fccke<\/strong><\/span> <span>: 520 Meter westlich<\/span><\/li>\n<li index=\"2\"><span><strong>Schiffm\u00fchle Minden<\/strong><\/span> <span>: 1,25 Kilometer s\u00fcdwestlich.<\/span><\/li>\n<\/ul>\n<p>[\/et_pb_text][\/et_pb_column][\/et_pb_row][et_pb_row _builder_version=&#8220;4.26.0&#8243; _module_preset=&#8220;default&#8220; custom_margin=&#8220;-13px|auto||auto||&#8220; global_colors_info=&#8220;{}&#8220;][et_pb_column type=&#8220;4_4&#8243; _builder_version=&#8220;4.26.0&#8243; _module_preset=&#8220;default&#8220; global_colors_info=&#8220;{}&#8220;][et_pb_map address=&#8220;Pionierstra\u00dfe 1, 32423 Minden, Germany&#8220; address_lat=&#8220;52.2892121&#8243; address_lng=&#8220;8.9367361&#8243; _builder_version=&#8220;4.26.0&#8243; _module_preset=&#8220;default&#8220; hover_enabled=&#8220;0&#8243; global_colors_info=&#8220;{}&#8220; sticky_enabled=&#8220;0&#8243;][et_pb_map_pin title=&#8220;Lai Thai Asia Shop Minden&#8220; pin_address=&#8220;Pionierstra\u00dfe 1, 32423 Minden, Germany&#8220; zoom_level=&#8220;17&#8243; pin_address_lat=&#8220;52.2892121&#8243; pin_address_lng=&#8220;8.9367361&#8243; _builder_version=&#8220;4.26.0&#8243; _module_preset=&#8220;default&#8220; global_colors_info=&#8220;{}&#8220;][\/et_pb_map_pin][\/et_pb_map][\/et_pb_column][\/et_pb_row][\/et_pb_section][et_pb_section fb_built=&#8220;1&#8243; admin_label=&#8220;Footer&#8220; _builder_version=&#8220;4.22.0&#8243; _module_preset=&#8220;default&#8220; background_color=&#8220;gcid-bfa7fe62-254b-41c2-9e7c-1655cf29ea48&#8243; custom_padding=&#8220;10px||0px|||&#8220; saved_tabs=&#8220;all&#8220; collapsed=&#8220;on&#8220; global_colors_info=&#8220;{%22gcid-bfa7fe62-254b-41c2-9e7c-1655cf29ea48%22:%91%22background_color%22%93}&#8220;][et_pb_row column_structure=&#8220;1_3,1_3,1_3&#8243; _builder_version=&#8220;4.22.0&#8243; _module_preset=&#8220;default&#8220; global_colors_info=&#8220;{}&#8220;][et_pb_column type=&#8220;1_3&#8243; _builder_version=&#8220;4.22.0&#8243; _module_preset=&#8220;default&#8220; global_colors_info=&#8220;{}&#8220;][et_pb_text _builder_version=&#8220;4.22.0&#8243; _module_preset=&#8220;7d81943a-b350-4abf-a51a-0df56c0ff184&#8243; header_5_text_color=&#8220;#FFFFFF&#8220; custom_margin=&#8220;||4px||false|false&#8220; global_colors_info=&#8220;{}&#8220;]<\/p>\n<h5>Gesch\u00e4ft<\/h5>\n<p>[\/et_pb_text][et_pb_text _builder_version=&#8220;4.24.2&#8243; _module_preset=&#8220;19433a12-7fee-4efa-9d91-ee5d049d23dd&#8220; text_text_color=&#8220;#FFFFFF&#8220; link_text_color=&#8220;#FFFFFF&#8220; custom_margin=&#8220;||10px||false|false&#8220; global_colors_info=&#8220;{}&#8220;]<\/p>\n<p>Trockenfutter und Snacks<\/p>\n<p>[\/et_pb_text][et_pb_text _builder_version=&#8220;4.24.2&#8243; _module_preset=&#8220;19433a12-7fee-4efa-9d91-ee5d049d23dd&#8220; text_text_color=&#8220;#FFFFFF&#8220; link_text_color=&#8220;#FFFFFF&#8220; custom_margin=&#8220;||10px||false|false&#8220; global_colors_info=&#8220;{}&#8220;]<\/p>\n<p>Frisches Gem\u00fcse und Obst<\/p>\n<p>[\/et_pb_text][et_pb_text _builder_version=&#8220;4.24.2&#8243; _module_preset=&#8220;19433a12-7fee-4efa-9d91-ee5d049d23dd&#8220; text_text_color=&#8220;#FFFFFF&#8220; link_text_color=&#8220;#FFFFFF&#8220; custom_margin=&#8220;||10px||false|false&#8220; global_colors_info=&#8220;{}&#8220;]<\/p>\n<p>gefrorene Meeresfr\u00fcchte<\/p>\n<p>[\/et_pb_text][et_pb_text _builder_version=&#8220;4.24.2&#8243; _module_preset=&#8220;19433a12-7fee-4efa-9d91-ee5d049d23dd&#8220; text_text_color=&#8220;#FFFFFF&#8220; link_text_color=&#8220;#FFFFFF&#8220; custom_margin=&#8220;||10px||false|false&#8220; global_colors_info=&#8220;{}&#8220;]<\/p>\n<p>Getr\u00e4nke und andere Artikel<\/p>\n<p>[\/et_pb_text][\/et_pb_column][et_pb_column type=&#8220;1_3&#8243; _builder_version=&#8220;4.22.0&#8243; _module_preset=&#8220;default&#8220; global_colors_info=&#8220;{}&#8220;][et_pb_text _builder_version=&#8220;4.24.2&#8243; _module_preset=&#8220;7d81943a-b350-4abf-a51a-0df56c0ff184&#8243; header_5_text_color=&#8220;#FFFFFF&#8220; custom_margin=&#8220;||3px||false|false&#8220; global_colors_info=&#8220;{}&#8220;]<\/p>\n<h5>die Info<\/h5>\n<p>[\/et_pb_text][et_pb_text _builder_version=&#8220;4.22.0&#8243; _module_preset=&#8220;19433a12-7fee-4efa-9d91-ee5d049d23dd&#8220; text_text_color=&#8220;#FFFFFF&#8220; link_text_color=&#8220;#FFFFFF&#8220; custom_margin=&#8220;||10px||false|false&#8220; global_colors_info=&#8220;{}&#8220;]<a href=\"#\">Kontaktiere uns<\/a>[\/et_pb_text][et_pb_text _builder_version=&#8220;4.22.0&#8243; _module_preset=&#8220;19433a12-7fee-4efa-9d91-ee5d049d23dd&#8220; text_text_color=&#8220;#FFFFFF&#8220; link_text_color=&#8220;#FFFFFF&#8220; custom_margin=&#8220;||10px||false|false&#8220; global_colors_info=&#8220;{}&#8220;]<a href=\"#\">Standort<\/a>[\/et_pb_text][et_pb_text _builder_version=&#8220;4.22.0&#8243; _module_preset=&#8220;19433a12-7fee-4efa-9d91-ee5d049d23dd&#8220; text_text_color=&#8220;#FFFFFF&#8220; link_text_color=&#8220;#FFFFFF&#8220; custom_margin=&#8220;||10px||false|false&#8220; global_colors_info=&#8220;{}&#8220;]<a href=\"#\">Extra<\/a>[\/et_pb_text][et_pb_text _builder_version=&#8220;4.24.2&#8243; _module_preset=&#8220;19433a12-7fee-4efa-9d91-ee5d049d23dd&#8220; text_text_color=&#8220;#FFFFFF&#8220; link_text_color=&#8220;#FFFFFF&#8220; custom_margin=&#8220;||10px||false|false&#8220; global_colors_info=&#8220;{}&#8220;]<\/p>\n<p>Heim<\/p>\n<p>[\/et_pb_text][\/et_pb_column][et_pb_column type=&#8220;1_3&#8243; _builder_version=&#8220;4.22.0&#8243; _module_preset=&#8220;default&#8220; global_colors_info=&#8220;{}&#8220;][et_pb_text _builder_version=&#8220;4.22.0&#8243; _module_preset=&#8220;7d81943a-b350-4abf-a51a-0df56c0ff184&#8243; header_5_text_color=&#8220;#FFFFFF&#8220; custom_margin=&#8220;||5px||false|false&#8220; global_colors_info=&#8220;{}&#8220;]<\/p>\n<h5>Folgen<\/h5>\n<p>[\/et_pb_text][et_pb_text _builder_version=&#8220;4.26.0&#8243; _module_preset=&#8220;19433a12-7fee-4efa-9d91-ee5d049d23dd&#8220; text_text_color=&#8220;#FFFFFF&#8220; link_text_color=&#8220;#FFFFFF&#8220; custom_margin=&#8220;||10px||false|false&#8220; global_colors_info=&#8220;{}&#8220;]<\/p>\n<p><a href=\"https:\/\/www.facebook.com\/profile.php?id=100094929517877\">Facebook<\/a><\/p>\n<p>[\/et_pb_text][et_pb_text _builder_version=&#8220;4.22.0&#8243; _module_preset=&#8220;19433a12-7fee-4efa-9d91-ee5d049d23dd&#8220; text_text_color=&#8220;#FFFFFF&#8220; link_text_color=&#8220;#FFFFFF&#8220; custom_margin=&#8220;||10px||false|false&#8220; global_colors_info=&#8220;{}&#8220;]<a href=\"#\">Instagram<\/a>[\/et_pb_text][et_pb_text _builder_version=&#8220;4.26.0&#8243; _module_preset=&#8220;19433a12-7fee-4efa-9d91-ee5d049d23dd&#8220; text_text_color=&#8220;#FFFFFF&#8220; link_text_color=&#8220;#FFFFFF&#8220; custom_margin=&#8220;||10px||false|false&#8220; link_option_url=&#8220;https:\/\/w.app\/LaiThaiAsiaShop&#8220; link_option_url_new_window=&#8220;on&#8220; global_colors_info=&#8220;{}&#8220;]<\/p>\n<p>WhatsApp<\/p>\n<p>[\/et_pb_text][et_pb_text _builder_version=&#8220;4.24.2&#8243; _module_preset=&#8220;19433a12-7fee-4efa-9d91-ee5d049d23dd&#8220; text_text_color=&#8220;#FFFFFF&#8220; link_text_color=&#8220;#FFFFFF&#8220; custom_margin=&#8220;||10px||false|false&#8220; global_colors_info=&#8220;{}&#8220;]<\/p>\n<p>LINIE<\/p>\n<p>[\/et_pb_text][\/et_pb_column][\/et_pb_row][\/et_pb_section]<\/p>\n","protected":false},"excerpt":{"rendered":"<p>Kontaktieren Sie uns &#8211; Lai Thai Asia Shop MindenShop, der Konsumg\u00fcter aus Thailand und Asien verkauft, zu g\u00fcnstigen Preisen, denen Sie vertrauen k\u00f6nnen. Wir sind jederzeit f\u00fcr Sie da und beantworten Ihre Fragen. Datum und Uhrzeit des Eintreffens frischer Produkte k\u00f6nnen Kunden \u00fcber die Facebook-Seite Lai Thai Asia Shop Minden verfolgen . Shop-Adresse Lai Thai [&hellip;]<\/p>\n","protected":false},"author":1,"featured_media":0,"parent":0,"menu_order":0,"comment_status":"closed","ping_status":"closed","template":"","meta":{"_et_pb_use_builder":"on","_et_pb_old_content":"","_et_gb_content_width":"","footnotes":""},"_links":{"self":[{"href":"https:\/\/laithaiasiashop.de\/de\/wp-json\/wp\/v2\/pages\/785"}],"collection":[{"href":"https:\/\/laithaiasiashop.de\/de\/wp-json\/wp\/v2\/pages"}],"about":[{"href":"https:\/\/laithaiasiashop.de\/de\/wp-json\/wp\/v2\/types\/page"}],"author":[{"embeddable":true,"href":"https:\/\/laithaiasiashop.de\/de\/wp-json\/wp\/v2\/users\/1"}],"replies":[{"embeddable":true,"href":"https:\/\/laithaiasiashop.de\/de\/wp-json\/wp\/v2\/comments?post=785"}],"version-history":[{"count":5,"href":"https:\/\/laithaiasiashop.de\/de\/wp-json\/wp\/v2\/pages\/785\/revisions"}],"predecessor-version":[{"id":821,"href":"https:\/\/laithaiasiashop.de\/de\/wp-json\/wp\/v2\/pages\/785\/revisions\/821"}],"wp:attachment":[{"href":"https:\/\/laithaiasiashop.de\/de\/wp-json\/wp\/v2\/media?parent=785"}],"curies":[{"name":"wp","href":"https:\/\/api.w.org\/{rel}","templated":true}]}}